{"id":136,"date":"2018-11-08T23:58:59","date_gmt":"2018-11-09T01:58:59","guid":{"rendered":"http:\/\/rgd.adv.br\/?page_id=136"},"modified":"2023-03-04T15:58:30","modified_gmt":"2023-03-04T18:58:30","slug":"direito-regulatorio","status":"publish","type":"page","link":"https:\/\/rgd.adv.br\/index.php\/direito-regulatorio\/","title":{"rendered":"Regulat\u00f3rio"},"content":{"rendered":"<p>Consultoria em quest\u00f5es regulat\u00f3rias, incluindo assessoria e representa\u00e7\u00e3o de empresas perante ag\u00eancias reguladoras, tais como ANVISA (sa\u00fade), vigil\u00e2ncias sanit\u00e1rias e outros \u00f3rg\u00e3os reguladores.<\/p>\n<p>Planejamento e estrutura\u00e7\u00e3o de opera\u00e7\u00f5es de neg\u00f3cios alinhadas com aspectos regulat\u00f3rios, elabora\u00e7\u00e3o e negocia\u00e7\u00e3o de contratos e acordos contendo cl\u00e1usulas abrangendo aspectos regulat\u00f3rios bem como desenvolvimento de pareceres sobre quest\u00f5es regulat\u00f3rias.<\/p>\n","protected":false},"excerpt":{"rendered":"<p>Consultoria em quest\u00f5es regulat\u00f3rias, incluindo assessoria e representa\u00e7\u00e3o de empresas perante ag\u00eancias reguladoras, tais como ANVISA (sa\u00fade), vigil\u00e2ncias sanit\u00e1rias e outros \u00f3rg\u00e3os reguladores. Planejamento e estrutura\u00e7\u00e3o de opera\u00e7\u00f5es de neg\u00f3cios alinhadas com aspectos regulat\u00f3rios, elabora\u00e7\u00e3o e negocia\u00e7\u00e3o de contratos e acordos contendo cl\u00e1usulas abrangendo aspectos regulat\u00f3rios bem como desenvolvimento de pareceres sobre quest\u00f5es regulat\u00f3rias.<\/p>\n","protected":false},"author":1,"featured_media":0,"parent":0,"menu_order":0,"comment_status":"closed","ping_status":"closed","template":"template-fullwidth.php","meta":{"footnotes":""},"_links":{"self":[{"href":"https:\/\/rgd.adv.br\/index.php\/wp-json\/wp\/v2\/pages\/136"}],"collection":[{"href":"https:\/\/rgd.adv.br\/index.php\/wp-json\/wp\/v2\/pages"}],"about":[{"href":"https:\/\/rgd.adv.br\/index.php\/wp-json\/wp\/v2\/types\/page"}],"author":[{"embeddable":true,"href":"https:\/\/rgd.adv.br\/index.php\/wp-json\/wp\/v2\/users\/1"}],"replies":[{"embeddable":true,"href":"https:\/\/rgd.adv.br\/index.php\/wp-json\/wp\/v2\/comments?post=136"}],"version-history":[{"count":2,"href":"https:\/\/rgd.adv.br\/index.php\/wp-json\/wp\/v2\/pages\/136\/revisions"}],"predecessor-version":[{"id":333,"href":"https:\/\/rgd.adv.br\/index.php\/wp-json\/wp\/v2\/pages\/136\/revisions\/333"}],"wp:attachment":[{"href":"https:\/\/rgd.adv.br\/index.php\/wp-json\/wp\/v2\/media?parent=136"}],"curies":[{"name":"wp","href":"https:\/\/api.w.org\/{rel}","templated":true}]}}