{"id":134,"date":"2018-11-08T23:56:52","date_gmt":"2018-11-09T01:56:52","guid":{"rendered":"http:\/\/rgd.adv.br\/?page_id=134"},"modified":"2023-03-04T16:00:15","modified_gmt":"2023-03-04T19:00:15","slug":"secretariado-de-conselho-de-administracao","status":"publish","type":"page","link":"https:\/\/rgd.adv.br\/index.php\/secretariado-de-conselho-de-administracao\/","title":{"rendered":"Secretariado de CAD"},"content":{"rendered":"<p><span lang=\"PT-BR\">Assessoria especializada em secretariado de reuni\u00f5es de Conselho de Administra\u00e7\u00e3o, conferindo m\u00e1xima assist\u00eancia aos membros de Conselho de Administra\u00e7\u00e3o nas defini\u00e7\u00f5es gerais de log\u00edstica e documentais preparat\u00f3rias.<\/span><\/p>\n<p><span lang=\"PT-BR\">O Secretariado proporciona, ainda, o acompanhamento de iniciativas relevantes da empresa, com distribui\u00e7\u00e3o de tarefas e estabelecimento de mapa de prioridades ao Conselho para foc\u00e1-lo em temas estrat\u00e9gicos.<\/span><\/p>\n<p><span lang=\"PT-BR\">Como forma de contribuir com as melhores pr\u00e1ticas de Governan\u00e7a Corporativa, a equipe especializada da RGD Advocacia e Consultoria Jur\u00eddica \u00a0promove intera\u00e7\u00e3o e intermedia\u00e7\u00e3o das comunica\u00e7\u00f5es entre executivos\/membros da Diretoria Executiva da empresa e o Conselho de Administra\u00e7\u00e3o, a fim de subsidiar os Conselheiros com todas as informa\u00e7\u00f5es importantes da empresa.<\/span><\/p>\n","protected":false},"excerpt":{"rendered":"<p>Assessoria especializada em secretariado de reuni\u00f5es de Conselho de Administra\u00e7\u00e3o, conferindo m\u00e1xima assist\u00eancia aos membros de Conselho de Administra\u00e7\u00e3o nas defini\u00e7\u00f5es gerais de log\u00edstica e documentais preparat\u00f3rias. O Secretariado proporciona, ainda, o acompanhamento de iniciativas relevantes da empresa, com distribui\u00e7\u00e3o de tarefas e estabelecimento de mapa de prioridades ao Conselho para foc\u00e1-lo em temas estrat\u00e9gicos.<a class=\"read-more\" href=\"https:\/\/rgd.adv.br\/index.php\/secretariado-de-conselho-de-administracao\/\"><br \/>-> Continue reading<span class=\"screen-reader-text\">  Secretariado de CAD<\/span><\/a><\/p>\n","protected":false},"author":1,"featured_media":0,"parent":0,"menu_order":0,"comment_status":"closed","ping_status":"closed","template":"template-fullwidth.php","meta":{"footnotes":""},"_links":{"self":[{"href":"https:\/\/rgd.adv.br\/index.php\/wp-json\/wp\/v2\/pages\/134"}],"collection":[{"href":"https:\/\/rgd.adv.br\/index.php\/wp-json\/wp\/v2\/pages"}],"about":[{"href":"https:\/\/rgd.adv.br\/index.php\/wp-json\/wp\/v2\/types\/page"}],"author":[{"embeddable":true,"href":"https:\/\/rgd.adv.br\/index.php\/wp-json\/wp\/v2\/users\/1"}],"replies":[{"embeddable":true,"href":"https:\/\/rgd.adv.br\/index.php\/wp-json\/wp\/v2\/comments?post=134"}],"version-history":[{"count":2,"href":"https:\/\/rgd.adv.br\/index.php\/wp-json\/wp\/v2\/pages\/134\/revisions"}],"predecessor-version":[{"id":335,"href":"https:\/\/rgd.adv.br\/index.php\/wp-json\/wp\/v2\/pages\/134\/revisions\/335"}],"wp:attachment":[{"href":"https:\/\/rgd.adv.br\/index.php\/wp-json\/wp\/v2\/media?parent=134"}],"curies":[{"name":"wp","href":"https:\/\/api.w.org\/{rel}","templated":true}]}}