{"id":132,"date":"2018-11-08T23:56:12","date_gmt":"2018-11-09T01:56:12","guid":{"rendered":"http:\/\/rgd.adv.br\/?page_id=132"},"modified":"2023-03-04T15:58:52","modified_gmt":"2023-03-04T18:58:52","slug":"direito-tributario","status":"publish","type":"page","link":"https:\/\/rgd.adv.br\/index.php\/direito-tributario\/","title":{"rendered":"Tribut\u00e1rio"},"content":{"rendered":"<p>Atua\u00e7\u00e3o para defesa de imunidade\/isen\u00e7\u00e3o tribut\u00e1ria, discuss\u00e3o da legalidade de tributos, defesa em execu\u00e7\u00f5es fiscais, compensa\u00e7\u00e3o e recupera\u00e7\u00e3o de tributos,\u00a0al\u00e9m de assessoria e consultivo na elabora\u00e7\u00e3o pareceres, defesas e recursos em processos administrativos e judiciais que envolvem cobran\u00e7as e lan\u00e7amentos ilegais de tributos, nas esferas Municipal, Estadual e Federal, sempre visando a otimiza\u00e7\u00e3o da carga tribut\u00e1ria, no que concerne \u00e0 interpreta\u00e7\u00e3o e aplica\u00e7\u00e3o da legisla\u00e7\u00e3o tribut\u00e1ria.<\/p>\n","protected":false},"excerpt":{"rendered":"<p>Atua\u00e7\u00e3o para defesa de imunidade\/isen\u00e7\u00e3o tribut\u00e1ria, discuss\u00e3o da legalidade de tributos, defesa em execu\u00e7\u00f5es fiscais, compensa\u00e7\u00e3o e recupera\u00e7\u00e3o de tributos,\u00a0al\u00e9m de assessoria e consultivo na elabora\u00e7\u00e3o pareceres, defesas e recursos em processos administrativos e judiciais que envolvem cobran\u00e7as e lan\u00e7amentos ilegais de tributos, nas esferas Municipal, Estadual e Federal, sempre visando a otimiza\u00e7\u00e3o da carga<a class=\"read-more\" href=\"https:\/\/rgd.adv.br\/index.php\/direito-tributario\/\"><br \/>-> Continue reading<span class=\"screen-reader-text\">  Tribut\u00e1rio<\/span><\/a><\/p>\n","protected":false},"author":1,"featured_media":0,"parent":0,"menu_order":0,"comment_status":"closed","ping_status":"closed","template":"template-fullwidth.php","meta":{"footnotes":""},"_links":{"self":[{"href":"https:\/\/rgd.adv.br\/index.php\/wp-json\/wp\/v2\/pages\/132"}],"collection":[{"href":"https:\/\/rgd.adv.br\/index.php\/wp-json\/wp\/v2\/pages"}],"about":[{"href":"https:\/\/rgd.adv.br\/index.php\/wp-json\/wp\/v2\/types\/page"}],"author":[{"embeddable":true,"href":"https:\/\/rgd.adv.br\/index.php\/wp-json\/wp\/v2\/users\/1"}],"replies":[{"embeddable":true,"href":"https:\/\/rgd.adv.br\/index.php\/wp-json\/wp\/v2\/comments?post=132"}],"version-history":[{"count":2,"href":"https:\/\/rgd.adv.br\/index.php\/wp-json\/wp\/v2\/pages\/132\/revisions"}],"predecessor-version":[{"id":334,"href":"https:\/\/rgd.adv.br\/index.php\/wp-json\/wp\/v2\/pages\/132\/revisions\/334"}],"wp:attachment":[{"href":"https:\/\/rgd.adv.br\/index.php\/wp-json\/wp\/v2\/media?parent=132"}],"curies":[{"name":"wp","href":"https:\/\/api.w.org\/{rel}","templated":true}]}}