{"id":130,"date":"2018-11-08T23:55:14","date_gmt":"2018-11-09T01:55:14","guid":{"rendered":"http:\/\/rgd.adv.br\/?page_id=130"},"modified":"2023-03-04T15:58:11","modified_gmt":"2023-03-04T18:58:11","slug":"direito-do-consumidor","status":"publish","type":"page","link":"https:\/\/rgd.adv.br\/index.php\/direito-do-consumidor\/","title":{"rendered":"Consumidor"},"content":{"rendered":"<p>A RGD Advocacia e Consultoria Jur\u00eddica atua na defesa dos interesses dos seus clientes em mat\u00e9ria consumerista, tamb\u00e9m \u00a0na preven\u00e7\u00e3o e orienta\u00e7\u00e3o de empresas e consumidores na solu\u00e7\u00e3o de quest\u00f5es relacionadas ao tema de forma administrativa ou judicial.<\/p>\n","protected":false},"excerpt":{"rendered":"<p>A RGD Advocacia e Consultoria Jur\u00eddica atua na defesa dos interesses dos seus clientes em mat\u00e9ria consumerista, tamb\u00e9m \u00a0na preven\u00e7\u00e3o e orienta\u00e7\u00e3o de empresas e consumidores na solu\u00e7\u00e3o de quest\u00f5es relacionadas ao tema de forma administrativa ou judicial.<\/p>\n","protected":false},"author":1,"featured_media":0,"parent":0,"menu_order":0,"comment_status":"closed","ping_status":"closed","template":"template-fullwidth.php","meta":{"footnotes":""},"_links":{"self":[{"href":"https:\/\/rgd.adv.br\/index.php\/wp-json\/wp\/v2\/pages\/130"}],"collection":[{"href":"https:\/\/rgd.adv.br\/index.php\/wp-json\/wp\/v2\/pages"}],"about":[{"href":"https:\/\/rgd.adv.br\/index.php\/wp-json\/wp\/v2\/types\/page"}],"author":[{"embeddable":true,"href":"https:\/\/rgd.adv.br\/index.php\/wp-json\/wp\/v2\/users\/1"}],"replies":[{"embeddable":true,"href":"https:\/\/rgd.adv.br\/index.php\/wp-json\/wp\/v2\/comments?post=130"}],"version-history":[{"count":2,"href":"https:\/\/rgd.adv.br\/index.php\/wp-json\/wp\/v2\/pages\/130\/revisions"}],"predecessor-version":[{"id":330,"href":"https:\/\/rgd.adv.br\/index.php\/wp-json\/wp\/v2\/pages\/130\/revisions\/330"}],"wp:attachment":[{"href":"https:\/\/rgd.adv.br\/index.php\/wp-json\/wp\/v2\/media?parent=130"}],"curies":[{"name":"wp","href":"https:\/\/api.w.org\/{rel}","templated":true}]}}