{"id":128,"date":"2018-11-08T23:54:06","date_gmt":"2018-11-09T01:54:06","guid":{"rendered":"http:\/\/rgd.adv.br\/?page_id=128"},"modified":"2023-03-04T15:58:17","modified_gmt":"2023-03-04T18:58:17","slug":"direito-do-trabalho","status":"publish","type":"page","link":"https:\/\/rgd.adv.br\/index.php\/direito-do-trabalho\/","title":{"rendered":"Trabalho"},"content":{"rendered":"<p><span lang=\"PT-BR\">A RGD Advocacia e Consultoria Jur\u00eddica possui ampla atua\u00e7\u00e3o nas esferas contenciosa, administrativa e preventiva do Direito do Trabalho.<\/span><\/p>\n<p><span lang=\"PT-BR\">A assessoria preventiva visa a minimizar riscos futuros e de eventuais conting\u00eancias.<\/span><\/p>\n<p><span lang=\"PT-BR\">Na \u00e1rea contenciosa os servi\u00e7os de acompanhamento de a\u00e7\u00f5es judiciais englobam desde a propositura de medidas iniciais, elabora\u00e7\u00e3o e acompanhamento de defesa de reclama\u00e7\u00f5es e eventuais cumprimentos de exig\u00eancia perante \u00f3rg\u00e3os fiscalizat\u00f3rios.<\/span><\/p>\n","protected":false},"excerpt":{"rendered":"<p>A RGD Advocacia e Consultoria Jur\u00eddica possui ampla atua\u00e7\u00e3o nas esferas contenciosa, administrativa e preventiva do Direito do Trabalho. A assessoria preventiva visa a minimizar riscos futuros e de eventuais conting\u00eancias. Na \u00e1rea contenciosa os servi\u00e7os de acompanhamento de a\u00e7\u00f5es judiciais englobam desde a propositura de medidas iniciais, elabora\u00e7\u00e3o e acompanhamento de defesa de reclama\u00e7\u00f5es<a class=\"read-more\" href=\"https:\/\/rgd.adv.br\/index.php\/direito-do-trabalho\/\"><br \/>-> Continue reading<span class=\"screen-reader-text\">  Trabalho<\/span><\/a><\/p>\n","protected":false},"author":1,"featured_media":0,"parent":0,"menu_order":0,"comment_status":"closed","ping_status":"closed","template":"template-fullwidth.php","meta":{"footnotes":""},"_links":{"self":[{"href":"https:\/\/rgd.adv.br\/index.php\/wp-json\/wp\/v2\/pages\/128"}],"collection":[{"href":"https:\/\/rgd.adv.br\/index.php\/wp-json\/wp\/v2\/pages"}],"about":[{"href":"https:\/\/rgd.adv.br\/index.php\/wp-json\/wp\/v2\/types\/page"}],"author":[{"embeddable":true,"href":"https:\/\/rgd.adv.br\/index.php\/wp-json\/wp\/v2\/users\/1"}],"replies":[{"embeddable":true,"href":"https:\/\/rgd.adv.br\/index.php\/wp-json\/wp\/v2\/comments?post=128"}],"version-history":[{"count":2,"href":"https:\/\/rgd.adv.br\/index.php\/wp-json\/wp\/v2\/pages\/128\/revisions"}],"predecessor-version":[{"id":331,"href":"https:\/\/rgd.adv.br\/index.php\/wp-json\/wp\/v2\/pages\/128\/revisions\/331"}],"wp:attachment":[{"href":"https:\/\/rgd.adv.br\/index.php\/wp-json\/wp\/v2\/media?parent=128"}],"curies":[{"name":"wp","href":"https:\/\/api.w.org\/{rel}","templated":true}]}}