{"id":126,"date":"2018-11-08T23:53:05","date_gmt":"2018-11-09T01:53:05","guid":{"rendered":"http:\/\/rgd.adv.br\/?page_id=126"},"modified":"2023-03-04T15:58:24","modified_gmt":"2023-03-04T18:58:24","slug":"direito-imobiliario","status":"publish","type":"page","link":"https:\/\/rgd.adv.br\/index.php\/direito-imobiliario\/","title":{"rendered":"Imobili\u00e1rio"},"content":{"rendered":"<p>Atuamos na \u00e1rea do Direito Imobili\u00e1rio prestando consultoria nas quest\u00f5es relacionadas \u00e0 regulariza\u00e7\u00e3o do direito de propriedade, tanto em esfera administrativa como judicial, com assessoramento dos clientes para obten\u00e7\u00e3o de certid\u00f5es, escrituras, matr\u00edculas, mapeamentos topogr\u00e1ficos, georreferenciamento etc.<\/p>\n<p>Al\u00e9m disto, atuamos na \u00e1rea contenciosa para defesa dos interesses em a\u00e7\u00f5es de loca\u00e7\u00e3o, desapropria\u00e7\u00e3o, despejo, usucapi\u00e3o judicial ou extrajudicial, reintegra\u00e7\u00e3o de posse, cobran\u00e7as, indenizat\u00f3ria por danos materiais, repeti\u00e7\u00e3o de ind\u00e9bito, rescis\u00e3o contratual etc.<\/p>\n","protected":false},"excerpt":{"rendered":"<p>Atuamos na \u00e1rea do Direito Imobili\u00e1rio prestando consultoria nas quest\u00f5es relacionadas \u00e0 regulariza\u00e7\u00e3o do direito de propriedade, tanto em esfera administrativa como judicial, com assessoramento dos clientes para obten\u00e7\u00e3o de certid\u00f5es, escrituras, matr\u00edculas, mapeamentos topogr\u00e1ficos, georreferenciamento etc. Al\u00e9m disto, atuamos na \u00e1rea contenciosa para defesa dos interesses em a\u00e7\u00f5es de loca\u00e7\u00e3o, desapropria\u00e7\u00e3o, despejo, usucapi\u00e3o judicial<a class=\"read-more\" href=\"https:\/\/rgd.adv.br\/index.php\/direito-imobiliario\/\"><br \/>-> Continue reading<span class=\"screen-reader-text\">  Imobili\u00e1rio<\/span><\/a><\/p>\n","protected":false},"author":1,"featured_media":0,"parent":0,"menu_order":0,"comment_status":"closed","ping_status":"closed","template":"template-fullwidth.php","meta":{"footnotes":""},"_links":{"self":[{"href":"https:\/\/rgd.adv.br\/index.php\/wp-json\/wp\/v2\/pages\/126"}],"collection":[{"href":"https:\/\/rgd.adv.br\/index.php\/wp-json\/wp\/v2\/pages"}],"about":[{"href":"https:\/\/rgd.adv.br\/index.php\/wp-json\/wp\/v2\/types\/page"}],"author":[{"embeddable":true,"href":"https:\/\/rgd.adv.br\/index.php\/wp-json\/wp\/v2\/users\/1"}],"replies":[{"embeddable":true,"href":"https:\/\/rgd.adv.br\/index.php\/wp-json\/wp\/v2\/comments?post=126"}],"version-history":[{"count":2,"href":"https:\/\/rgd.adv.br\/index.php\/wp-json\/wp\/v2\/pages\/126\/revisions"}],"predecessor-version":[{"id":332,"href":"https:\/\/rgd.adv.br\/index.php\/wp-json\/wp\/v2\/pages\/126\/revisions\/332"}],"wp:attachment":[{"href":"https:\/\/rgd.adv.br\/index.php\/wp-json\/wp\/v2\/media?parent=126"}],"curies":[{"name":"wp","href":"https:\/\/api.w.org\/{rel}","templated":true}]}}