{"id":117,"date":"2018-11-08T00:12:30","date_gmt":"2018-11-08T02:12:30","guid":{"rendered":"http:\/\/rgd.adv.br\/?page_id=117"},"modified":"2023-03-04T15:57:54","modified_gmt":"2023-03-04T18:57:54","slug":"direito-contratual","status":"publish","type":"page","link":"https:\/\/rgd.adv.br\/index.php\/direito-contratual\/","title":{"rendered":"Contratual"},"content":{"rendered":"<p>A RGD Advocacia e Consultoria Jur\u00eddica possui profissionais especializados em quest\u00f5es contratuais, os quais est\u00e3o preparados para realizar a elabora\u00e7\u00e3o e a an\u00e1lise de contratos corporativos diversos, tais como contratos de representa\u00e7\u00e3o comercial, contratos de distribui\u00e7\u00e3o, contratos de franquia, contratos de fornecimento de produtos ou servi\u00e7os, contratos de trabalho etc.<\/p>\n","protected":false},"excerpt":{"rendered":"<p>A RGD Advocacia e Consultoria Jur\u00eddica possui profissionais especializados em quest\u00f5es contratuais, os quais est\u00e3o preparados para realizar a elabora\u00e7\u00e3o e a an\u00e1lise de contratos corporativos diversos, tais como contratos de representa\u00e7\u00e3o comercial, contratos de distribui\u00e7\u00e3o, contratos de franquia, contratos de fornecimento de produtos ou servi\u00e7os, contratos de trabalho etc.<\/p>\n","protected":false},"author":1,"featured_media":0,"parent":0,"menu_order":0,"comment_status":"closed","ping_status":"closed","template":"template-fullwidth.php","meta":{"footnotes":""},"_links":{"self":[{"href":"https:\/\/rgd.adv.br\/index.php\/wp-json\/wp\/v2\/pages\/117"}],"collection":[{"href":"https:\/\/rgd.adv.br\/index.php\/wp-json\/wp\/v2\/pages"}],"about":[{"href":"https:\/\/rgd.adv.br\/index.php\/wp-json\/wp\/v2\/types\/page"}],"author":[{"embeddable":true,"href":"https:\/\/rgd.adv.br\/index.php\/wp-json\/wp\/v2\/users\/1"}],"replies":[{"embeddable":true,"href":"https:\/\/rgd.adv.br\/index.php\/wp-json\/wp\/v2\/comments?post=117"}],"version-history":[{"count":2,"href":"https:\/\/rgd.adv.br\/index.php\/wp-json\/wp\/v2\/pages\/117\/revisions"}],"predecessor-version":[{"id":328,"href":"https:\/\/rgd.adv.br\/index.php\/wp-json\/wp\/v2\/pages\/117\/revisions\/328"}],"wp:attachment":[{"href":"https:\/\/rgd.adv.br\/index.php\/wp-json\/wp\/v2\/media?parent=117"}],"curies":[{"name":"wp","href":"https:\/\/api.w.org\/{rel}","templated":true}]}}