{"id":115,"date":"2018-11-08T00:11:24","date_gmt":"2018-11-08T02:11:24","guid":{"rendered":"http:\/\/rgd.adv.br\/?page_id=115"},"modified":"2023-03-04T15:57:39","modified_gmt":"2023-03-04T18:57:39","slug":"direito-civil-e-empresarial","status":"publish","type":"page","link":"https:\/\/rgd.adv.br\/index.php\/direito-civil-e-empresarial\/","title":{"rendered":"Civil e Empresarial"},"content":{"rendered":"<p><span lang=\"PT-BR\"><span style=\"color: #000000; font-family: Calibri;\">Ampla atua\u00e7\u00e3o na \u00e1rea consultoria e contenciosa do Direito Civil e Empresarial com foco nos seguintes temas:<\/span><\/span><\/p>\n<p><span lang=\"PT-BR\"><span style=\"color: #000000; font-family: Calibri;\">Contratos em geral (c\u00edveis e empresariais), responsabilidade civil (dano material, moral, lucros cessantes e dano est\u00e9tico), rela\u00e7\u00f5es consumeristas, obriga\u00e7\u00f5es, direito imobili\u00e1rio (cond\u00f4mino, compra e venda, consigna\u00e7\u00e3o, Loca\u00e7\u00e3o), cobran\u00e7as em geral, direitos reais (usucapi\u00e3o, reintegra\u00e7\u00e3o de posse, imiss\u00e3o na posse, manuten\u00e7\u00e3o da posse, entre outros), rela\u00e7\u00f5es entre s\u00f3cios, constitui\u00e7\u00e3o de sociedade e <em>due diligences<\/em>.\u00a0\u00a0<\/span><\/span><\/p>\n<p>&nbsp;<\/p>\n","protected":false},"excerpt":{"rendered":"<p>Ampla atua\u00e7\u00e3o na \u00e1rea consultoria e contenciosa do Direito Civil e Empresarial com foco nos seguintes temas: Contratos em geral (c\u00edveis e empresariais), responsabilidade civil (dano material, moral, lucros cessantes e dano est\u00e9tico), rela\u00e7\u00f5es consumeristas, obriga\u00e7\u00f5es, direito imobili\u00e1rio (cond\u00f4mino, compra e venda, consigna\u00e7\u00e3o, Loca\u00e7\u00e3o), cobran\u00e7as em geral, direitos reais (usucapi\u00e3o, reintegra\u00e7\u00e3o de posse, imiss\u00e3o na<a class=\"read-more\" href=\"https:\/\/rgd.adv.br\/index.php\/direito-civil-e-empresarial\/\"><br \/>-> Continue reading<span class=\"screen-reader-text\">  Civil e Empresarial<\/span><\/a><\/p>\n","protected":false},"author":1,"featured_media":0,"parent":0,"menu_order":0,"comment_status":"closed","ping_status":"closed","template":"template-fullwidth.php","meta":{"footnotes":""},"_links":{"self":[{"href":"https:\/\/rgd.adv.br\/index.php\/wp-json\/wp\/v2\/pages\/115"}],"collection":[{"href":"https:\/\/rgd.adv.br\/index.php\/wp-json\/wp\/v2\/pages"}],"about":[{"href":"https:\/\/rgd.adv.br\/index.php\/wp-json\/wp\/v2\/types\/page"}],"author":[{"embeddable":true,"href":"https:\/\/rgd.adv.br\/index.php\/wp-json\/wp\/v2\/users\/1"}],"replies":[{"embeddable":true,"href":"https:\/\/rgd.adv.br\/index.php\/wp-json\/wp\/v2\/comments?post=115"}],"version-history":[{"count":2,"href":"https:\/\/rgd.adv.br\/index.php\/wp-json\/wp\/v2\/pages\/115\/revisions"}],"predecessor-version":[{"id":327,"href":"https:\/\/rgd.adv.br\/index.php\/wp-json\/wp\/v2\/pages\/115\/revisions\/327"}],"wp:attachment":[{"href":"https:\/\/rgd.adv.br\/index.php\/wp-json\/wp\/v2\/media?parent=115"}],"curies":[{"name":"wp","href":"https:\/\/api.w.org\/{rel}","templated":true}]}}