{"id":113,"date":"2018-11-08T00:10:34","date_gmt":"2018-11-08T02:10:34","guid":{"rendered":"http:\/\/rgd.adv.br\/?page_id=113"},"modified":"2023-03-04T15:57:28","modified_gmt":"2023-03-04T18:57:28","slug":"direito-aduaneiro","status":"publish","type":"page","link":"https:\/\/rgd.adv.br\/index.php\/direito-aduaneiro\/","title":{"rendered":"Aduaneiro"},"content":{"rendered":"<p>Atuamos na an\u00e1lise jur\u00eddica e elabora\u00e7\u00e3o de contratos e documentos\u00a0relacionados com as opera\u00e7\u00f5es de importa\u00e7\u00e3o e exporta\u00e7\u00e3o, elabora\u00e7\u00e3o de planejamento tribut\u00e1rio para as opera\u00e7\u00f5es de Com\u00e9rcio Exterior, incluindo concess\u00e3o de regimes\u00a0aduaneiros\u00a0especiais, benef\u00edcios e incentivos fiscais.<\/p>\n<p>Igualmente assessora seus clientes na parte de contencioso fiscal\u00a0\u00a0(apreens\u00e3o de mercadorias, imposto de importa\u00e7\u00e3o, tr\u00e2nsito\u00a0aduaneiro, reten\u00e7\u00e3o de container em recinto alfandegado, alfandegamento de recintos, etc), bem como auxilia na consultoria de empresas.<\/p>\n<p>Defesa de interesses das empresas importadoras e exportadoras frente aos procedimentos especiais de fiscaliza\u00e7\u00e3o, visando a manuten\u00e7\u00e3o das atividades da empresa.<\/p>\n<p>Consultoria jur\u00eddica e propositura das medidas jur\u00eddicas cab\u00edveis para discuss\u00e3o de demurrage, frete internacional, seguro mar\u00edtimo, barreiras alfandeg\u00e1rias e demais temas do com\u00e9rcio exterior.<\/p>\n","protected":false},"excerpt":{"rendered":"<p>Atuamos na an\u00e1lise jur\u00eddica e elabora\u00e7\u00e3o de contratos e documentos\u00a0relacionados com as opera\u00e7\u00f5es de importa\u00e7\u00e3o e exporta\u00e7\u00e3o, elabora\u00e7\u00e3o de planejamento tribut\u00e1rio para as opera\u00e7\u00f5es de Com\u00e9rcio Exterior, incluindo concess\u00e3o de regimes\u00a0aduaneiros\u00a0especiais, benef\u00edcios e incentivos fiscais. Igualmente assessora seus clientes na parte de contencioso fiscal\u00a0\u00a0(apreens\u00e3o de mercadorias, imposto de importa\u00e7\u00e3o, tr\u00e2nsito\u00a0aduaneiro, reten\u00e7\u00e3o de container em recinto<a class=\"read-more\" href=\"https:\/\/rgd.adv.br\/index.php\/direito-aduaneiro\/\"><br \/>-> Continue reading<span class=\"screen-reader-text\">  Aduaneiro<\/span><\/a><\/p>\n","protected":false},"author":1,"featured_media":0,"parent":0,"menu_order":0,"comment_status":"closed","ping_status":"closed","template":"template-fullwidth.php","meta":{"footnotes":""},"_links":{"self":[{"href":"https:\/\/rgd.adv.br\/index.php\/wp-json\/wp\/v2\/pages\/113"}],"collection":[{"href":"https:\/\/rgd.adv.br\/index.php\/wp-json\/wp\/v2\/pages"}],"about":[{"href":"https:\/\/rgd.adv.br\/index.php\/wp-json\/wp\/v2\/types\/page"}],"author":[{"embeddable":true,"href":"https:\/\/rgd.adv.br\/index.php\/wp-json\/wp\/v2\/users\/1"}],"replies":[{"embeddable":true,"href":"https:\/\/rgd.adv.br\/index.php\/wp-json\/wp\/v2\/comments?post=113"}],"version-history":[{"count":2,"href":"https:\/\/rgd.adv.br\/index.php\/wp-json\/wp\/v2\/pages\/113\/revisions"}],"predecessor-version":[{"id":326,"href":"https:\/\/rgd.adv.br\/index.php\/wp-json\/wp\/v2\/pages\/113\/revisions\/326"}],"wp:attachment":[{"href":"https:\/\/rgd.adv.br\/index.php\/wp-json\/wp\/v2\/media?parent=113"}],"curies":[{"name":"wp","href":"https:\/\/api.w.org\/{rel}","templated":true}]}}